{"id":100,"date":"2022-10-15T11:46:04","date_gmt":"2022-10-15T09:46:04","guid":{"rendered":"https:\/\/www.monde2monia.fr\/?page_id=100"},"modified":"2022-10-15T11:46:04","modified_gmt":"2022-10-15T09:46:04","slug":"politique-de-confidentialite","status":"publish","type":"page","link":"https:\/\/www.monde2monia.fr\/index.php\/politique-de-confidentialite\/","title":{"rendered":"Politique de confidentialit\u00e9"},"content":{"rendered":"\n<h2 class=\"wp-block-heading\">Qui sommes-nous&nbsp;?<\/h2>\n\n\n\n<p>L\u2019adresse de notre site est\u00a0: https:\/\/www.monde2monia.fr.<\/p>\n\n\n\n<p>Aucun commentaire, donn\u00e9e ou cookies, ne sont stock\u00e9s ou utilis\u00e9s par ce site.<\/p>\n\n\n\n<p>Ce site est une passerelle vers d&rsquo;autres sites g\u00e9r\u00e9s par monde2monia qui ont leur propre politique de confidentialit\u00e9.<\/p>\n\n\n\n<p><\/p>\n\n\n\n<p><\/p>\n","protected":false},"excerpt":{"rendered":"<p>Qui sommes-nous&nbsp;? L\u2019adresse de notre site est\u00a0: https:\/\/www.monde2monia.fr. Aucun commentaire, donn\u00e9e ou cookies, ne sont stock\u00e9s ou utilis\u00e9s par ce site. Ce site est une passerelle vers d&rsquo;autres sites g\u00e9r\u00e9s par monde2monia qui ont leur propre politique de confidentialit\u00e9.<\/p>\n","protected":false},"author":1,"featured_media":0,"parent":0,"menu_order":0,"comment_status":"closed","ping_status":"closed","template":"","meta":{"footnotes":""},"class_list":["post-100","page","type-page","status-publish","hentry"],"_links":{"self":[{"href":"https:\/\/www.monde2monia.fr\/index.php\/wp-json\/wp\/v2\/pages\/100","targetHints":{"allow":["GET"]}}],"collection":[{"href":"https:\/\/www.monde2monia.fr\/index.php\/wp-json\/wp\/v2\/pages"}],"about":[{"href":"https:\/\/www.monde2monia.fr\/index.php\/wp-json\/wp\/v2\/types\/page"}],"author":[{"embeddable":true,"href":"https:\/\/www.monde2monia.fr\/index.php\/wp-json\/wp\/v2\/users\/1"}],"replies":[{"embeddable":true,"href":"https:\/\/www.monde2monia.fr\/index.php\/wp-json\/wp\/v2\/comments?post=100"}],"version-history":[{"count":1,"href":"https:\/\/www.monde2monia.fr\/index.php\/wp-json\/wp\/v2\/pages\/100\/revisions"}],"predecessor-version":[{"id":101,"href":"https:\/\/www.monde2monia.fr\/index.php\/wp-json\/wp\/v2\/pages\/100\/revisions\/101"}],"wp:attachment":[{"href":"https:\/\/www.monde2monia.fr\/index.php\/wp-json\/wp\/v2\/media?parent=100"}],"curies":[{"name":"wp","href":"https:\/\/api.w.org\/{rel}","templated":true}]}}